{"id":236,"date":"2017-12-15T12:20:12","date_gmt":"2017-12-15T12:20:12","guid":{"rendered":"http:\/\/freunde-von-nouna.de\/?page_id=236"},"modified":"2018-06-03T10:06:35","modified_gmt":"2018-06-03T10:06:35","slug":"aktivitaeten-in-heidelberg","status":"publish","type":"page","link":"http:\/\/freunde-von-nouna.de\/?page_id=236","title":{"rendered":"Aktivit\u00e4ten in Heidelberg"},"content":{"rendered":"<p><strong>Aktivit\u00e4ten in Heidelberg<\/strong><\/p>\n<ul>\n<li>Kulturelle Tanzveranstaltungen und Ausstellungen (z.B. DJ Xogn im Karlstorbahnhof)<\/li>\n<li>Seminare, Vortragsreihen sowie Film- und Diavortr\u00e4ge (z.B. Vortrag zu Klimawandel in Afrika)<\/li>\n<li>Verkaufsst\u00e4nde auf Weihnachtsmarkt und Afrikamarkt<\/li>\n<li>F\u00f6rderung von Freundschaft und Verst\u00e4ndigung unter den Mitgliedern<\/li>\n<\/ul>\n<p>Auch wenn die Aktiven im Moment durch die verschiedenen geschilderten Projekte weitgehend ausgelastet sind, sind wir bereits auf der Suche nach neue Aktivit\u00e4ten bzw. Projekten.<br \/>\nSehr wichtig sind hierbei die Projekt-Vorschl\u00e4ge, die vor Ort kommen und welche wir im Rahmen des Machbaren bestm\u00f6glichst umsetzen wollen, um den Menschen in der Region Nouna nachhaltig zu helfen.<br \/>\nSehr wichtig hierf\u00fcr w\u00e4re es allerdings, wenn wir den Stamm der aktiv t\u00e4tigen Mitglieder erweitern k\u00f6nnten. Die derzeit &#8222;Aktiven&#8220; ertrinken oft in Arbeit und jede helfende Hand wird dringend ben\u00f6tigt. Erste Schritte in diese Richtung sind die Intensivierung der \u00d6ffentlichkeitsarbeit, sowie das Verschieben unseres Monatstreffens auf einen g\u00fcnstigeren Termin an einen besser geeigneten Ort, beides Ma\u00dfnahmen, die hoffentlich auch dazu beitragen, mehr Mitglieder zu aktivieren. Jeder an unserer Arbeit Interessierte ist herzlich willkommen.<\/p>\n<p><code id=\"envira_shortcode_id_316\"><div id=\"envira-gallery-wrap-316\" class=\"envira-gallery-wrap envira-gallery-theme-base envira-lightbox-theme-base\" itemscope itemtype=\"https:\/\/schema.org\/ImageGallery\"><div data-row-height=\"\" data-gallery-theme=\"\" id=\"envira-gallery-316\" class=\"envira-gallery-public  envira-gallery-3-columns envira-clear enviratope envira-gallery-css-animations\" data-envira-columns=\"3\"><div id=\"envira-gallery-item-324\" class=\"envira-gallery-item enviratope-item envira-gallery-item-1 envira-lazy-load\" style=\"padding-left: 5px; padding-bottom: 10px; padding-right: 5px;\"  itemscope itemtype=\"https:\/\/schema.org\/ImageObject\"><div class=\"envira-gallery-item-inner\"><div class=\"envira-gallery-position-overlay  envira-gallery-top-left\"><\/div><div class=\"envira-gallery-position-overlay  envira-gallery-top-right\"><\/div><div class=\"envira-gallery-position-overlay  envira-gallery-bottom-left\"><\/div><div class=\"envira-gallery-position-overlay  envira-gallery-bottom-right\"><\/div><a href=\"http:\/\/freunde-von-nouna.de\/wp-content\/uploads\/2018\/06\/HD4.jpg\" class=\"envira-gallery-316 envira-gallery-link\" rel=\"enviragallery316\" title=\"HD4\" data-envira-caption=\"HD4\" data-envira-retina=\"\" data-thumbnail=\"\"  itemprop=\"contentUrl\"><div class=\"envira-lazy\" data-test-width=\"640\" data-test-height=\"480\" style=\"padding-bottom:75%;\"><img decoding=\"async\" id=\"envira-gallery-image-324\" class=\"envira-gallery-image envira-gallery-image-1\" data-envira-index=\"1\" src=\"http:\/\/freunde-von-nouna.de\/wp-content\/uploads\/2018\/06\/HD4-1024x576-640x480.jpg\" data-envira-src=\"http:\/\/freunde-von-nouna.de\/wp-content\/uploads\/2018\/06\/HD4-1024x576-640x480.jpg\" data-envira-gallery-id=\"316\" data-envira-item-id=\"324\" data-envira-caption=\"HD4\" alt=\"\" title=\"HD4\"  itemprop=\"thumbnailUrl\" data-envira-srcset=\"http:\/\/freunde-von-nouna.de\/wp-content\/uploads\/2018\/06\/HD4-1024x576-640x480.jpg 400w,http:\/\/freunde-von-nouna.de\/wp-content\/uploads\/2018\/06\/HD4-1024x576-640x480.jpg 2x\" srcset=\"data:image\/gif;base64,R0lGODlhAQABAIAAAP\/\/\/\/\/\/\/yH5BAEKAAEALAAAAAABAAEAAAICTAEAOw==\" \/><\/div><\/a><\/div><\/div><div id=\"envira-gallery-item-323\" class=\"envira-gallery-item enviratope-item envira-gallery-item-2 envira-lazy-load\" style=\"padding-left: 5px; padding-bottom: 10px; padding-right: 5px;\"  itemscope itemtype=\"https:\/\/schema.org\/ImageObject\"><div class=\"envira-gallery-item-inner\"><div class=\"envira-gallery-position-overlay  envira-gallery-top-left\"><\/div><div class=\"envira-gallery-position-overlay  envira-gallery-top-right\"><\/div><div class=\"envira-gallery-position-overlay  envira-gallery-bottom-left\"><\/div><div class=\"envira-gallery-position-overlay  envira-gallery-bottom-right\"><\/div><a href=\"http:\/\/freunde-von-nouna.de\/wp-content\/uploads\/2018\/06\/HD2.jpg\" class=\"envira-gallery-316 envira-gallery-link\" rel=\"enviragallery316\" title=\"HD2\" data-envira-caption=\"HD2\" data-envira-retina=\"\" data-thumbnail=\"\"  itemprop=\"contentUrl\"><div class=\"envira-lazy\" data-test-width=\"640\" data-test-height=\"480\" style=\"padding-bottom:75%;\"><img decoding=\"async\" id=\"envira-gallery-image-323\" class=\"envira-gallery-image envira-gallery-image-2\" data-envira-index=\"2\" src=\"http:\/\/freunde-von-nouna.de\/wp-content\/uploads\/2018\/06\/HD2-724x1024-640x480.jpg\" data-envira-src=\"http:\/\/freunde-von-nouna.de\/wp-content\/uploads\/2018\/06\/HD2-724x1024-640x480.jpg\" data-envira-gallery-id=\"316\" data-envira-item-id=\"323\" data-envira-caption=\"HD2\" alt=\"\" title=\"HD2\"  itemprop=\"thumbnailUrl\" data-envira-srcset=\"http:\/\/freunde-von-nouna.de\/wp-content\/uploads\/2018\/06\/HD2-724x1024-640x480.jpg 400w,http:\/\/freunde-von-nouna.de\/wp-content\/uploads\/2018\/06\/HD2-724x1024-640x480.jpg 2x\" srcset=\"data:image\/gif;base64,R0lGODlhAQABAIAAAP\/\/\/\/\/\/\/yH5BAEKAAEALAAAAAABAAEAAAICTAEAOw==\" \/><\/div><\/a><\/div><\/div><div id=\"envira-gallery-item-325\" class=\"envira-gallery-item enviratope-item envira-gallery-item-3 envira-lazy-load\" style=\"padding-left: 5px; padding-bottom: 10px; padding-right: 5px;\"  itemscope itemtype=\"https:\/\/schema.org\/ImageObject\"><div class=\"envira-gallery-item-inner\"><div class=\"envira-gallery-position-overlay  envira-gallery-top-left\"><\/div><div class=\"envira-gallery-position-overlay  envira-gallery-top-right\"><\/div><div class=\"envira-gallery-position-overlay  envira-gallery-bottom-left\"><\/div><div class=\"envira-gallery-position-overlay  envira-gallery-bottom-right\"><\/div><a href=\"http:\/\/freunde-von-nouna.de\/wp-content\/uploads\/2018\/06\/HD5.jpg\" class=\"envira-gallery-316 envira-gallery-link\" rel=\"enviragallery316\" title=\"HD5\" data-envira-caption=\"HD5\" data-envira-retina=\"\" data-thumbnail=\"\"  itemprop=\"contentUrl\"><div class=\"envira-lazy\" data-test-width=\"640\" data-test-height=\"480\" style=\"padding-bottom:75%;\"><img decoding=\"async\" id=\"envira-gallery-image-325\" class=\"envira-gallery-image envira-gallery-image-3\" data-envira-index=\"3\" src=\"http:\/\/freunde-von-nouna.de\/wp-content\/uploads\/2018\/06\/HD5-640x480.jpg\" data-envira-src=\"http:\/\/freunde-von-nouna.de\/wp-content\/uploads\/2018\/06\/HD5-640x480.jpg\" data-envira-gallery-id=\"316\" data-envira-item-id=\"325\" data-envira-caption=\"HD5\" alt=\"\" title=\"HD5\"  itemprop=\"thumbnailUrl\" data-envira-srcset=\"http:\/\/freunde-von-nouna.de\/wp-content\/uploads\/2018\/06\/HD5-640x480.jpg 400w,http:\/\/freunde-von-nouna.de\/wp-content\/uploads\/2018\/06\/HD5-640x480.jpg 2x\" srcset=\"data:image\/gif;base64,R0lGODlhAQABAIAAAP\/\/\/\/\/\/\/yH5BAEKAAEALAAAAAABAAEAAAICTAEAOw==\" \/><\/div><\/a><\/div><\/div><div id=\"envira-gallery-item-321\" class=\"envira-gallery-item enviratope-item envira-gallery-item-4 envira-lazy-load\" style=\"padding-left: 5px; padding-bottom: 10px; padding-right: 5px;\"  itemscope itemtype=\"https:\/\/schema.org\/ImageObject\"><div class=\"envira-gallery-item-inner\"><div class=\"envira-gallery-position-overlay  envira-gallery-top-left\"><\/div><div class=\"envira-gallery-position-overlay  envira-gallery-top-right\"><\/div><div class=\"envira-gallery-position-overlay  envira-gallery-bottom-left\"><\/div><div class=\"envira-gallery-position-overlay  envira-gallery-bottom-right\"><\/div><a href=\"http:\/\/freunde-von-nouna.de\/wp-content\/uploads\/2018\/06\/HD8.jpg\" class=\"envira-gallery-316 envira-gallery-link\" rel=\"enviragallery316\" title=\"HD8\" data-envira-caption=\"HD8\" data-envira-retina=\"\" data-thumbnail=\"\"  itemprop=\"contentUrl\"><div class=\"envira-lazy\" data-test-width=\"640\" data-test-height=\"480\" style=\"padding-bottom:75%;\"><img decoding=\"async\" id=\"envira-gallery-image-321\" class=\"envira-gallery-image envira-gallery-image-4\" data-envira-index=\"4\" src=\"http:\/\/freunde-von-nouna.de\/wp-content\/uploads\/2018\/06\/HD8-640x480.jpg\" data-envira-src=\"http:\/\/freunde-von-nouna.de\/wp-content\/uploads\/2018\/06\/HD8-640x480.jpg\" data-envira-gallery-id=\"316\" data-envira-item-id=\"321\" data-envira-caption=\"HD8\" alt=\"\" title=\"HD8\"  itemprop=\"thumbnailUrl\" data-envira-srcset=\"http:\/\/freunde-von-nouna.de\/wp-content\/uploads\/2018\/06\/HD8-640x480.jpg 400w,http:\/\/freunde-von-nouna.de\/wp-content\/uploads\/2018\/06\/HD8-640x480.jpg 2x\" srcset=\"data:image\/gif;base64,R0lGODlhAQABAIAAAP\/\/\/\/\/\/\/yH5BAEKAAEALAAAAAABAAEAAAICTAEAOw==\" \/><\/div><\/a><\/div><\/div><div id=\"envira-gallery-item-320\" class=\"envira-gallery-item enviratope-item envira-gallery-item-5 envira-lazy-load\" style=\"padding-left: 5px; padding-bottom: 10px; padding-right: 5px;\"  itemscope itemtype=\"https:\/\/schema.org\/ImageObject\"><div class=\"envira-gallery-item-inner\"><div class=\"envira-gallery-position-overlay  envira-gallery-top-left\"><\/div><div class=\"envira-gallery-position-overlay  envira-gallery-top-right\"><\/div><div class=\"envira-gallery-position-overlay  envira-gallery-bottom-left\"><\/div><div class=\"envira-gallery-position-overlay  envira-gallery-bottom-right\"><\/div><a href=\"http:\/\/freunde-von-nouna.de\/wp-content\/uploads\/2018\/06\/HD7.jpg\" class=\"envira-gallery-316 envira-gallery-link\" rel=\"enviragallery316\" title=\"HD7\" data-envira-caption=\"HD7\" data-envira-retina=\"\" data-thumbnail=\"\"  itemprop=\"contentUrl\"><div class=\"envira-lazy\" data-test-width=\"640\" data-test-height=\"480\" style=\"padding-bottom:75%;\"><img decoding=\"async\" id=\"envira-gallery-image-320\" class=\"envira-gallery-image envira-gallery-image-5\" data-envira-index=\"5\" src=\"http:\/\/freunde-von-nouna.de\/wp-content\/uploads\/2018\/06\/HD7-640x480.jpg\" data-envira-src=\"http:\/\/freunde-von-nouna.de\/wp-content\/uploads\/2018\/06\/HD7-640x480.jpg\" data-envira-gallery-id=\"316\" data-envira-item-id=\"320\" data-envira-caption=\"HD7\" alt=\"\" title=\"HD7\"  itemprop=\"thumbnailUrl\" data-envira-srcset=\"http:\/\/freunde-von-nouna.de\/wp-content\/uploads\/2018\/06\/HD7-640x480.jpg 400w,http:\/\/freunde-von-nouna.de\/wp-content\/uploads\/2018\/06\/HD7-640x480.jpg 2x\" srcset=\"data:image\/gif;base64,R0lGODlhAQABAIAAAP\/\/\/\/\/\/\/yH5BAEKAAEALAAAAAABAAEAAAICTAEAOw==\" \/><\/div><\/a><\/div><\/div><div id=\"envira-gallery-item-322\" class=\"envira-gallery-item enviratope-item envira-gallery-item-6 envira-lazy-load\" style=\"padding-left: 5px; padding-bottom: 10px; padding-right: 5px;\"  itemscope itemtype=\"https:\/\/schema.org\/ImageObject\"><div class=\"envira-gallery-item-inner\"><div class=\"envira-gallery-position-overlay  envira-gallery-top-left\"><\/div><div class=\"envira-gallery-position-overlay  envira-gallery-top-right\"><\/div><div class=\"envira-gallery-position-overlay  envira-gallery-bottom-left\"><\/div><div class=\"envira-gallery-position-overlay  envira-gallery-bottom-right\"><\/div><a href=\"http:\/\/freunde-von-nouna.de\/wp-content\/uploads\/2018\/06\/HD9.jpg\" class=\"envira-gallery-316 envira-gallery-link\" rel=\"enviragallery316\" title=\"HD9\" data-envira-caption=\"HD9\" data-envira-retina=\"\" data-thumbnail=\"\"  itemprop=\"contentUrl\"><div class=\"envira-lazy\" data-test-width=\"640\" data-test-height=\"480\" style=\"padding-bottom:75%;\"><img decoding=\"async\" id=\"envira-gallery-image-322\" class=\"envira-gallery-image envira-gallery-image-6\" data-envira-index=\"6\" src=\"http:\/\/freunde-von-nouna.de\/wp-content\/uploads\/2018\/06\/HD9-1024x768-640x480.jpg\" data-envira-src=\"http:\/\/freunde-von-nouna.de\/wp-content\/uploads\/2018\/06\/HD9-1024x768-640x480.jpg\" data-envira-gallery-id=\"316\" data-envira-item-id=\"322\" data-envira-caption=\"HD9\" alt=\"\" title=\"HD9\"  itemprop=\"thumbnailUrl\" data-envira-srcset=\"http:\/\/freunde-von-nouna.de\/wp-content\/uploads\/2018\/06\/HD9-1024x768-640x480.jpg 400w,http:\/\/freunde-von-nouna.de\/wp-content\/uploads\/2018\/06\/HD9-1024x768-640x480.jpg 2x\" srcset=\"data:image\/gif;base64,R0lGODlhAQABAIAAAP\/\/\/\/\/\/\/yH5BAEKAAEALAAAAAABAAEAAAICTAEAOw==\" \/><\/div><\/a><\/div><\/div><div id=\"envira-gallery-item-319\" class=\"envira-gallery-item enviratope-item envira-gallery-item-7 envira-lazy-load\" style=\"padding-left: 5px; padding-bottom: 10px; padding-right: 5px;\"  itemscope itemtype=\"https:\/\/schema.org\/ImageObject\"><div class=\"envira-gallery-item-inner\"><div class=\"envira-gallery-position-overlay  envira-gallery-top-left\"><\/div><div class=\"envira-gallery-position-overlay  envira-gallery-top-right\"><\/div><div class=\"envira-gallery-position-overlay  envira-gallery-bottom-left\"><\/div><div class=\"envira-gallery-position-overlay  envira-gallery-bottom-right\"><\/div><a href=\"http:\/\/freunde-von-nouna.de\/wp-content\/uploads\/2018\/06\/HD6.jpg\" class=\"envira-gallery-316 envira-gallery-link\" rel=\"enviragallery316\" title=\"HD6\" data-envira-caption=\"HD6\" data-envira-retina=\"\" data-thumbnail=\"\"  itemprop=\"contentUrl\"><div class=\"envira-lazy\" data-test-width=\"640\" data-test-height=\"480\" style=\"padding-bottom:75%;\"><img decoding=\"async\" id=\"envira-gallery-image-319\" class=\"envira-gallery-image envira-gallery-image-7\" data-envira-index=\"7\" src=\"http:\/\/freunde-von-nouna.de\/wp-content\/uploads\/2018\/06\/HD6-768x1024-640x480.jpg\" data-envira-src=\"http:\/\/freunde-von-nouna.de\/wp-content\/uploads\/2018\/06\/HD6-768x1024-640x480.jpg\" data-envira-gallery-id=\"316\" data-envira-item-id=\"319\" data-envira-caption=\"HD6\" alt=\"\" title=\"HD6\"  itemprop=\"thumbnailUrl\" data-envira-srcset=\"http:\/\/freunde-von-nouna.de\/wp-content\/uploads\/2018\/06\/HD6-768x1024-640x480.jpg 400w,http:\/\/freunde-von-nouna.de\/wp-content\/uploads\/2018\/06\/HD6-768x1024-640x480.jpg 2x\" srcset=\"data:image\/gif;base64,R0lGODlhAQABAIAAAP\/\/\/\/\/\/\/yH5BAEKAAEALAAAAAABAAEAAAICTAEAOw==\" \/><\/div><\/a><\/div><\/div><div id=\"envira-gallery-item-318\" class=\"envira-gallery-item enviratope-item envira-gallery-item-8 envira-lazy-load\" style=\"padding-left: 5px; padding-bottom: 10px; padding-right: 5px;\"  itemscope itemtype=\"https:\/\/schema.org\/ImageObject\"><div class=\"envira-gallery-item-inner\"><div class=\"envira-gallery-position-overlay  envira-gallery-top-left\"><\/div><div class=\"envira-gallery-position-overlay  envira-gallery-top-right\"><\/div><div class=\"envira-gallery-position-overlay  envira-gallery-bottom-left\"><\/div><div class=\"envira-gallery-position-overlay  envira-gallery-bottom-right\"><\/div><a href=\"http:\/\/freunde-von-nouna.de\/wp-content\/uploads\/2018\/06\/HD.jpg\" class=\"envira-gallery-316 envira-gallery-link\" rel=\"enviragallery316\" title=\"HD\" data-envira-caption=\"HD\" data-envira-retina=\"\" data-thumbnail=\"\"  itemprop=\"contentUrl\"><div class=\"envira-lazy\" data-test-width=\"640\" data-test-height=\"480\" style=\"padding-bottom:75%;\"><img decoding=\"async\" id=\"envira-gallery-image-318\" class=\"envira-gallery-image envira-gallery-image-8\" data-envira-index=\"8\" src=\"http:\/\/freunde-von-nouna.de\/wp-content\/uploads\/2018\/06\/HD-768x1024-640x480.jpg\" data-envira-src=\"http:\/\/freunde-von-nouna.de\/wp-content\/uploads\/2018\/06\/HD-768x1024-640x480.jpg\" data-envira-gallery-id=\"316\" data-envira-item-id=\"318\" data-envira-caption=\"HD\" alt=\"\" title=\"HD\"  itemprop=\"thumbnailUrl\" data-envira-srcset=\"http:\/\/freunde-von-nouna.de\/wp-content\/uploads\/2018\/06\/HD-768x1024-640x480.jpg 400w,http:\/\/freunde-von-nouna.de\/wp-content\/uploads\/2018\/06\/HD-768x1024-640x480.jpg 2x\" srcset=\"data:image\/gif;base64,R0lGODlhAQABAIAAAP\/\/\/\/\/\/\/yH5BAEKAAEALAAAAAABAAEAAAICTAEAOw==\" \/><\/div><\/a><\/div><\/div><div id=\"envira-gallery-item-317\" class=\"envira-gallery-item enviratope-item envira-gallery-item-9 envira-lazy-load\" style=\"padding-left: 5px; padding-bottom: 10px; padding-right: 5px;\"  itemscope itemtype=\"https:\/\/schema.org\/ImageObject\"><div class=\"envira-gallery-item-inner\"><div class=\"envira-gallery-position-overlay  envira-gallery-top-left\"><\/div><div class=\"envira-gallery-position-overlay  envira-gallery-top-right\"><\/div><div class=\"envira-gallery-position-overlay  envira-gallery-bottom-left\"><\/div><div class=\"envira-gallery-position-overlay  envira-gallery-bottom-right\"><\/div><a href=\"http:\/\/freunde-von-nouna.de\/wp-content\/uploads\/2018\/06\/CD-1.jpg\" class=\"envira-gallery-316 envira-gallery-link\" rel=\"enviragallery316\" title=\"CD\" data-envira-caption=\"CD\" data-envira-retina=\"\" data-thumbnail=\"\"  itemprop=\"contentUrl\"><div class=\"envira-lazy\" data-test-width=\"640\" data-test-height=\"480\" style=\"padding-bottom:75%;\"><img decoding=\"async\" id=\"envira-gallery-image-317\" class=\"envira-gallery-image envira-gallery-image-9\" data-envira-index=\"9\" src=\"http:\/\/freunde-von-nouna.de\/wp-content\/uploads\/2018\/06\/CD-1-640x480.jpg\" data-envira-src=\"http:\/\/freunde-von-nouna.de\/wp-content\/uploads\/2018\/06\/CD-1-640x480.jpg\" data-envira-gallery-id=\"316\" data-envira-item-id=\"317\" data-envira-caption=\"CD\" alt=\"\" title=\"CD\"  itemprop=\"thumbnailUrl\" data-envira-srcset=\"http:\/\/freunde-von-nouna.de\/wp-content\/uploads\/2018\/06\/CD-1-640x480.jpg 400w,http:\/\/freunde-von-nouna.de\/wp-content\/uploads\/2018\/06\/CD-1-640x480.jpg 2x\" srcset=\"data:image\/gif;base64,R0lGODlhAQABAIAAAP\/\/\/\/\/\/\/yH5BAEKAAEALAAAAAABAAEAAAICTAEAOw==\" \/><\/div><\/a><\/div><\/div><\/div><\/div><noscript><img decoding=\"async\" src=\"http:\/\/freunde-von-nouna.de\/wp-content\/uploads\/2018\/06\/HD4.jpg\" alt=\"\" \/><img decoding=\"async\" src=\"http:\/\/freunde-von-nouna.de\/wp-content\/uploads\/2018\/06\/HD2.jpg\" alt=\"\" \/><img decoding=\"async\" src=\"http:\/\/freunde-von-nouna.de\/wp-content\/uploads\/2018\/06\/HD5.jpg\" alt=\"\" \/><img decoding=\"async\" src=\"http:\/\/freunde-von-nouna.de\/wp-content\/uploads\/2018\/06\/HD8.jpg\" alt=\"\" \/><img decoding=\"async\" src=\"http:\/\/freunde-von-nouna.de\/wp-content\/uploads\/2018\/06\/HD7.jpg\" alt=\"\" \/><img decoding=\"async\" src=\"http:\/\/freunde-von-nouna.de\/wp-content\/uploads\/2018\/06\/HD9.jpg\" alt=\"\" \/><img decoding=\"async\" src=\"http:\/\/freunde-von-nouna.de\/wp-content\/uploads\/2018\/06\/HD6.jpg\" alt=\"\" \/><img decoding=\"async\" src=\"http:\/\/freunde-von-nouna.de\/wp-content\/uploads\/2018\/06\/HD.jpg\" alt=\"\" \/><img decoding=\"async\" src=\"http:\/\/freunde-von-nouna.de\/wp-content\/uploads\/2018\/06\/CD-1.jpg\" alt=\"\" \/><\/noscript><\/code><\/p>","protected":false},"excerpt":{"rendered":"<p>Aktivit\u00e4ten in Heidelberg Kulturelle Tanzveranstaltungen und Ausstellungen (z.B. DJ Xogn im Karlstorbahnhof) Seminare, Vortragsreihen sowie Film- und Diavortr\u00e4ge (z.B. Vortrag zu Klimawandel in Afrika) Verkaufsst\u00e4nde auf Weihnachtsmarkt und Afrikamarkt F\u00f6rderung von Freundschaft und Verst\u00e4ndigung unter den Mitgliedern Auch wenn die Aktiven im Moment durch die verschiedenen geschilderten Projekte weitgehend ausgelastet sind, sind wir bereits auf [&hellip;]<\/p>\n","protected":false},"author":1,"featured_media":0,"parent":63,"menu_order":3,"comment_status":"closed","ping_status":"closed","template":"","meta":{"footnotes":""},"class_list":["post-236","page","type-page","status-publish","czr-hentry"],"_links":{"self":[{"href":"http:\/\/freunde-von-nouna.de\/index.php?rest_route=\/wp\/v2\/pages\/236","targetHints":{"allow":["GET"]}}],"collection":[{"href":"http:\/\/freunde-von-nouna.de\/index.php?rest_route=\/wp\/v2\/pages"}],"about":[{"href":"http:\/\/freunde-von-nouna.de\/index.php?rest_route=\/wp\/v2\/types\/page"}],"author":[{"embeddable":true,"href":"http:\/\/freunde-von-nouna.de\/index.php?rest_route=\/wp\/v2\/users\/1"}],"replies":[{"embeddable":true,"href":"http:\/\/freunde-von-nouna.de\/index.php?rest_route=%2Fwp%2Fv2%2Fcomments&post=236"}],"version-history":[{"count":7,"href":"http:\/\/freunde-von-nouna.de\/index.php?rest_route=\/wp\/v2\/pages\/236\/revisions"}],"predecessor-version":[{"id":327,"href":"http:\/\/freunde-von-nouna.de\/index.php?rest_route=\/wp\/v2\/pages\/236\/revisions\/327"}],"up":[{"embeddable":true,"href":"http:\/\/freunde-von-nouna.de\/index.php?rest_route=\/wp\/v2\/pages\/63"}],"wp:attachment":[{"href":"http:\/\/freunde-von-nouna.de\/index.php?rest_route=%2Fwp%2Fv2%2Fmedia&parent=236"}],"curies":[{"name":"wp","href":"https:\/\/api.w.org\/{rel}","templated":true}]}}