{"id":103,"date":"2014-05-06T14:19:21","date_gmt":"2014-05-06T14:19:21","guid":{"rendered":"http:\/\/freunde-von-nouna.de\/?page_id=103"},"modified":"2018-06-03T10:01:15","modified_gmt":"2018-06-03T10:01:15","slug":"ehemalige-projekte","status":"publish","type":"page","link":"http:\/\/freunde-von-nouna.de\/?page_id=103","title":{"rendered":"Ehemalige Projekte"},"content":{"rendered":"<p><strong>Solarenergie f\u00fcr Gesundheitszentren<\/strong><br \/>\n<div id=\"envira-gallery-wrap-184\" class=\"envira-gallery-wrap envira-gallery-theme-base envira-lightbox-theme-base\" itemscope itemtype=\"https:\/\/schema.org\/ImageGallery\"><div data-row-height=\"\" data-gallery-theme=\"\" id=\"envira-gallery-184\" class=\"envira-gallery-public  envira-gallery-1-columns envira-clear enviratope envira-gallery-css-animations\" data-envira-columns=\"1\"><div id=\"envira-gallery-item-185\" class=\"envira-gallery-item enviratope-item envira-gallery-item-1\" style=\"padding-left: 5px; padding-bottom: 10px; padding-right: 5px;\"  itemscope itemtype=\"https:\/\/schema.org\/ImageObject\"><div class=\"envira-gallery-item-inner\"><div class=\"envira-gallery-position-overlay  envira-gallery-top-left\"><\/div><div class=\"envira-gallery-position-overlay  envira-gallery-top-right\"><\/div><div class=\"envira-gallery-position-overlay  envira-gallery-bottom-left\"><\/div><div class=\"envira-gallery-position-overlay  envira-gallery-bottom-right\"><\/div><a href=\"http:\/\/freunde-von-nouna.de\/wp-content\/uploads\/2016\/03\/Solarzellen.jpg\" class=\"envira-gallery-184 envira-gallery-link\" rel=\"enviragallery184\" title=\"Solarzellen\" data-envira-caption=\"Solarzellen\" data-envira-retina=\"\" data-thumbnail=\"\"  itemprop=\"contentUrl\"><div class=\"envira-lazy\" data-test-width=\"960\" data-test-height=\"300\" style=\"padding-bottom:31.25%;\"><img decoding=\"async\" id=\"envira-gallery-image-185\" class=\"envira-gallery-image envira-gallery-image-1\" data-envira-index=\"1\" src=\"http:\/\/freunde-von-nouna.de\/wp-content\/uploads\/2016\/03\/Solarzellen-960x300.jpg\" data-envira-src=\"http:\/\/freunde-von-nouna.de\/wp-content\/uploads\/2016\/03\/Solarzellen-960x300.jpg\" data-envira-gallery-id=\"184\" data-envira-item-id=\"185\" data-envira-caption=\"Solarzellen\" alt=\"\" title=\"Solarzellen\"  itemprop=\"thumbnailUrl\" data-envira-srcset=\"http:\/\/freunde-von-nouna.de\/wp-content\/uploads\/2016\/03\/Solarzellen-960x300.jpg 400w,http:\/\/freunde-von-nouna.de\/wp-content\/uploads\/2016\/03\/Solarzellen-960x300.jpg 2x\" srcset=\"data:image\/gif;base64,R0lGODlhAQABAIAAAP\/\/\/\/\/\/\/yH5BAEKAAEALAAAAAABAAEAAAICTAEAOw==\" \/><\/div><\/a><\/div><\/div><\/div><\/div><noscript><img decoding=\"async\" src=\"http:\/\/freunde-von-nouna.de\/wp-content\/uploads\/2016\/03\/Solarzellen.jpg\" alt=\"\" \/><\/noscript><\/p>\n<p>Von Seiten des Gesundheitsdistriktes wurde der Wunsch an uns herangetragen, prim\u00e4re Gesundheitszentren in der l\u00e4ndlichen Region Nouna mit Solarstromversorgung und K\u00fchlschr\u00e4nken f\u00fcr Impfstoffe auszustatten.<\/p>\n<p>Dies w\u00fcrde eine durchgehende Beleuchtung und damit die M\u00f6glichkeit der medizinischen Versorgung bei Nacht sowie die sichere Lagerung von hitzeempfindlichen Impfstoffen erm\u00f6glichen. So k\u00f6nnte letztendlich die lokale Gesundheitsversorgung nachhaltig verbessert werden.<\/p>\n<p>Nachdem Angebote mehrerer Anbieter von Solarsystemen und K\u00fchlschr\u00e4nken eingeholt wurden, fiel die Entscheidung schlie\u00dflich auf eine Firma, die alle Komponenten (Solarzellen, Batterien, Spezialk\u00fchlschr\u00e4nke) im Komplettpaket anbietet und bereits in Mali und anderen afrikanischen L\u00e4ndern zahlreiche Projekte durchgef\u00fchrt hat. Es zeigte sich, dass die F\u00f6rdermittel f\u00fcr die Ausstattung von <strong>acht Gesundheitszentren<\/strong> ausreichen. Welche Zentren dies im einzelnen sind, wurde bereits vom Gesundheitsdistrikt Nouna entschieden. Die Komponenten sind bestellt und auch der Transport sowie die Zollformalit\u00e4ten bereits organisiert.<\/p>\n<p>Es wurden Kontakte mit einer Firma in Ougadougou gekn\u00fcpft, welche die Installation sowie die Schulung der Mitarbeiter in den Zentren sowie von Personen, welche Wartungsarbeiten sowie kleinere Reparaturen vornehmen k\u00f6nnen, durchf\u00fchren kann. Generell sind alle Komponenten m\u00f6glichst wartungsfrei ausgew\u00e4hlt worden und es besteht auch eine mehrj\u00e4hrige Herstellergarantie auf die Solarzellen.<\/p>\n<hr \/>\n<p>&nbsp;<\/p>\n<p><strong>Musik aus Burkina Faso &#8211; Projekt CD \u201cAlason, Etoiles de Nouna\u201d<\/strong><\/p>\n<p><code id=\"envira_shortcode_id_312\"><div id=\"envira-gallery-wrap-312\" class=\"envira-gallery-wrap envira-gallery-theme-base envira-lightbox-theme-base\" itemscope itemtype=\"https:\/\/schema.org\/ImageGallery\"><div data-row-height=\"\" data-gallery-theme=\"\" id=\"envira-gallery-312\" class=\"envira-gallery-public  envira-gallery-2-columns envira-clear enviratope envira-gallery-css-animations\" data-envira-columns=\"2\"><div id=\"envira-gallery-item-313\" class=\"envira-gallery-item enviratope-item envira-gallery-item-1 envira-lazy-load\" style=\"padding-left: 5px; padding-bottom: 10px; padding-right: 5px;\"  itemscope itemtype=\"https:\/\/schema.org\/ImageObject\"><div class=\"envira-gallery-item-inner\"><div class=\"envira-gallery-position-overlay  envira-gallery-top-left\"><\/div><div class=\"envira-gallery-position-overlay  envira-gallery-top-right\"><\/div><div class=\"envira-gallery-position-overlay  envira-gallery-bottom-left\"><\/div><div class=\"envira-gallery-position-overlay  envira-gallery-bottom-right\"><\/div><a href=\"http:\/\/freunde-von-nouna.de\/wp-content\/uploads\/2018\/06\/CD.jpg\" class=\"envira-gallery-312 envira-gallery-link\" rel=\"enviragallery312\" title=\"CD\" data-envira-caption=\"CD\" data-envira-retina=\"\" data-thumbnail=\"\"  itemprop=\"contentUrl\"><div class=\"envira-lazy\" data-test-width=\"640\" data-test-height=\"480\" style=\"padding-bottom:75%;\"><img decoding=\"async\" id=\"envira-gallery-image-313\" class=\"envira-gallery-image envira-gallery-image-1\" data-envira-index=\"1\" src=\"http:\/\/freunde-von-nouna.de\/wp-content\/uploads\/2018\/06\/CD-640x480.jpg\" data-envira-src=\"http:\/\/freunde-von-nouna.de\/wp-content\/uploads\/2018\/06\/CD-640x480.jpg\" data-envira-gallery-id=\"312\" data-envira-item-id=\"313\" data-envira-caption=\"CD\" alt=\"\" title=\"CD\"  itemprop=\"thumbnailUrl\" data-envira-srcset=\"http:\/\/freunde-von-nouna.de\/wp-content\/uploads\/2018\/06\/CD-640x480.jpg 400w,http:\/\/freunde-von-nouna.de\/wp-content\/uploads\/2018\/06\/CD-640x480.jpg 2x\" srcset=\"data:image\/gif;base64,R0lGODlhAQABAIAAAP\/\/\/\/\/\/\/yH5BAEKAAEALAAAAAABAAEAAAICTAEAOw==\" \/><\/div><\/a><\/div><\/div><div id=\"envira-gallery-item-314\" class=\"envira-gallery-item enviratope-item envira-gallery-item-2 envira-lazy-load\" style=\"padding-left: 5px; padding-bottom: 10px; padding-right: 5px;\"  itemscope itemtype=\"https:\/\/schema.org\/ImageObject\"><div class=\"envira-gallery-item-inner\"><div class=\"envira-gallery-position-overlay  envira-gallery-top-left\"><\/div><div class=\"envira-gallery-position-overlay  envira-gallery-top-right\"><\/div><div class=\"envira-gallery-position-overlay  envira-gallery-bottom-left\"><\/div><div class=\"envira-gallery-position-overlay  envira-gallery-bottom-right\"><\/div><a href=\"http:\/\/freunde-von-nouna.de\/wp-content\/uploads\/2018\/06\/CD2.jpg\" class=\"envira-gallery-312 envira-gallery-link\" rel=\"enviragallery312\" title=\"CD2\" data-envira-caption=\"CD2\" data-envira-retina=\"\" data-thumbnail=\"\"  itemprop=\"contentUrl\"><div class=\"envira-lazy\" data-test-width=\"640\" data-test-height=\"480\" style=\"padding-bottom:75%;\"><img decoding=\"async\" id=\"envira-gallery-image-314\" class=\"envira-gallery-image envira-gallery-image-2\" data-envira-index=\"2\" src=\"http:\/\/freunde-von-nouna.de\/wp-content\/uploads\/2018\/06\/CD2-1024x768-640x480.jpg\" data-envira-src=\"http:\/\/freunde-von-nouna.de\/wp-content\/uploads\/2018\/06\/CD2-1024x768-640x480.jpg\" data-envira-gallery-id=\"312\" data-envira-item-id=\"314\" data-envira-caption=\"CD2\" alt=\"\" title=\"CD2\"  itemprop=\"thumbnailUrl\" data-envira-srcset=\"http:\/\/freunde-von-nouna.de\/wp-content\/uploads\/2018\/06\/CD2-1024x768-640x480.jpg 400w,http:\/\/freunde-von-nouna.de\/wp-content\/uploads\/2018\/06\/CD2-1024x768-640x480.jpg 2x\" srcset=\"data:image\/gif;base64,R0lGODlhAQABAIAAAP\/\/\/\/\/\/\/yH5BAEKAAEALAAAAAABAAEAAAICTAEAOw==\" \/><\/div><\/a><\/div><\/div><\/div><\/div><noscript><img decoding=\"async\" src=\"http:\/\/freunde-von-nouna.de\/wp-content\/uploads\/2018\/06\/CD.jpg\" alt=\"\" \/><img decoding=\"async\" src=\"http:\/\/freunde-von-nouna.de\/wp-content\/uploads\/2018\/06\/CD2.jpg\" alt=\"\" \/><\/noscript><\/code><\/p>\n<p>Mit dem Projekt \u201cAlason, Etoiles de Nouna\u201d , bei dem wir lokale Musiker unterst\u00fctzen, hoffen wir ihre Musik einem breiteren Publikum zug\u00e4nglich machen zu k\u00f6nnen und dadurch die M\u00f6glichkeit zu bekommen, weitere Selbsthilfeprojekte zu unterst\u00fctzen. Wir hoffen Sie genie\u00dfen die Musik und helfen mit, unsere Botschaft zu verbreiten!<\/p>\n<hr \/>\n<p>&nbsp;<\/p>\n<p><strong>Brunnenbau in Ciss\u00e9<\/strong><br \/>\n<div id=\"envira-gallery-wrap-196\" class=\"envira-gallery-wrap envira-gallery-theme-base envira-lightbox-theme-base\" itemscope itemtype=\"https:\/\/schema.org\/ImageGallery\"><div data-row-height=\"\" data-gallery-theme=\"\" id=\"envira-gallery-196\" class=\"envira-gallery-public  envira-gallery-3-columns envira-clear enviratope envira-gallery-css-animations\" data-envira-columns=\"3\"><div id=\"envira-gallery-item-197\" class=\"envira-gallery-item enviratope-item envira-gallery-item-1\" style=\"padding-left: 5px; padding-bottom: 10px; padding-right: 5px;\"  itemscope itemtype=\"https:\/\/schema.org\/ImageObject\"><div class=\"envira-gallery-item-inner\"><div class=\"envira-gallery-position-overlay  envira-gallery-top-left\"><\/div><div class=\"envira-gallery-position-overlay  envira-gallery-top-right\"><\/div><div class=\"envira-gallery-position-overlay  envira-gallery-bottom-left\"><\/div><div class=\"envira-gallery-position-overlay  envira-gallery-bottom-right\"><\/div><a href=\"http:\/\/freunde-von-nouna.de\/wp-content\/uploads\/2016\/03\/Brunnen-600x800.jpg\" class=\"envira-gallery-196 envira-gallery-link\" rel=\"enviragallery196\" title=\"Brunnen\" data-envira-caption=\"Brunnen\" data-envira-retina=\"\" data-thumbnail=\"\"  itemprop=\"contentUrl\"><img decoding=\"async\" id=\"envira-gallery-image-197\" class=\"envira-gallery-image envira-gallery-image-1\" data-envira-index=\"1\" src=\"http:\/\/freunde-von-nouna.de\/wp-content\/uploads\/2016\/03\/Brunnen-600x800-960x300.jpg\" data-envira-src=\"http:\/\/freunde-von-nouna.de\/wp-content\/uploads\/2016\/03\/Brunnen-600x800-960x300.jpg\" data-envira-gallery-id=\"196\" data-envira-item-id=\"197\" data-envira-caption=\"Brunnen\" alt=\"\" title=\"Brunnen\"  itemprop=\"thumbnailUrl\" data-envira-srcset=\"http:\/\/freunde-von-nouna.de\/wp-content\/uploads\/2016\/03\/Brunnen-600x800-960x300.jpg 400w,http:\/\/freunde-von-nouna.de\/wp-content\/uploads\/2016\/03\/Brunnen-600x800-960x300.jpg 2x\" srcset=\"http:\/\/freunde-von-nouna.de\/wp-content\/uploads\/2016\/03\/Brunnen-600x800-1920x600.jpg 2x\" \/><\/a><\/div><\/div><div id=\"envira-gallery-item-310\" class=\"envira-gallery-item enviratope-item envira-gallery-item-2\" style=\"padding-left: 5px; padding-bottom: 10px; padding-right: 5px;\"  itemscope itemtype=\"https:\/\/schema.org\/ImageObject\"><div class=\"envira-gallery-item-inner\"><div class=\"envira-gallery-position-overlay  envira-gallery-top-left\"><\/div><div class=\"envira-gallery-position-overlay  envira-gallery-top-right\"><\/div><div class=\"envira-gallery-position-overlay  envira-gallery-bottom-left\"><\/div><div class=\"envira-gallery-position-overlay  envira-gallery-bottom-right\"><\/div><a href=\"http:\/\/freunde-von-nouna.de\/wp-content\/uploads\/2016\/03\/Puits.jpg\" class=\"envira-gallery-196 envira-gallery-link\" rel=\"enviragallery196\" title=\"Puits\" data-envira-caption=\"Puits\" data-envira-retina=\"\" data-thumbnail=\"\"  itemprop=\"contentUrl\"><img decoding=\"async\" id=\"envira-gallery-image-310\" class=\"envira-gallery-image envira-gallery-image-2\" data-envira-index=\"2\" src=\"http:\/\/freunde-von-nouna.de\/wp-content\/uploads\/2016\/03\/Puits-1024x768-960x300.jpg\" data-envira-src=\"http:\/\/freunde-von-nouna.de\/wp-content\/uploads\/2016\/03\/Puits-1024x768-960x300.jpg\" data-envira-gallery-id=\"196\" data-envira-item-id=\"310\" data-envira-caption=\"Puits\" alt=\"\" title=\"Puits\"  itemprop=\"thumbnailUrl\" data-envira-srcset=\"http:\/\/freunde-von-nouna.de\/wp-content\/uploads\/2016\/03\/Puits-1024x768-960x300.jpg 400w,http:\/\/freunde-von-nouna.de\/wp-content\/uploads\/2016\/03\/Puits-1024x768-960x300.jpg 2x\" srcset=\"http:\/\/freunde-von-nouna.de\/wp-content\/uploads\/2016\/03\/Puits-1920x600.jpg 2x\" \/><\/a><\/div><\/div><div id=\"envira-gallery-item-311\" class=\"envira-gallery-item enviratope-item envira-gallery-item-3\" style=\"padding-left: 5px; padding-bottom: 10px; padding-right: 5px;\"  itemscope itemtype=\"https:\/\/schema.org\/ImageObject\"><div class=\"envira-gallery-item-inner\"><div class=\"envira-gallery-position-overlay  envira-gallery-top-left\"><\/div><div class=\"envira-gallery-position-overlay  envira-gallery-top-right\"><\/div><div class=\"envira-gallery-position-overlay  envira-gallery-bottom-left\"><\/div><div class=\"envira-gallery-position-overlay  envira-gallery-bottom-right\"><\/div><a href=\"http:\/\/freunde-von-nouna.de\/wp-content\/uploads\/2016\/03\/Puits2.jpg\" class=\"envira-gallery-196 envira-gallery-link\" rel=\"enviragallery196\" title=\"Puits2\" data-envira-caption=\"Puits2\" data-envira-retina=\"\" data-thumbnail=\"\"  itemprop=\"contentUrl\"><img decoding=\"async\" id=\"envira-gallery-image-311\" class=\"envira-gallery-image envira-gallery-image-3\" data-envira-index=\"3\" src=\"http:\/\/freunde-von-nouna.de\/wp-content\/uploads\/2016\/03\/Puits2-1024x768-960x300.jpg\" data-envira-src=\"http:\/\/freunde-von-nouna.de\/wp-content\/uploads\/2016\/03\/Puits2-1024x768-960x300.jpg\" data-envira-gallery-id=\"196\" data-envira-item-id=\"311\" data-envira-caption=\"Puits2\" alt=\"\" title=\"Puits2\"  itemprop=\"thumbnailUrl\" data-envira-srcset=\"http:\/\/freunde-von-nouna.de\/wp-content\/uploads\/2016\/03\/Puits2-1024x768-960x300.jpg 400w,http:\/\/freunde-von-nouna.de\/wp-content\/uploads\/2016\/03\/Puits2-1024x768-960x300.jpg 2x\" srcset=\"http:\/\/freunde-von-nouna.de\/wp-content\/uploads\/2016\/03\/Puits2-1920x600.jpg 2x\" \/><\/a><\/div><\/div><\/div><\/div><noscript><img decoding=\"async\" src=\"http:\/\/freunde-von-nouna.de\/wp-content\/uploads\/2016\/03\/Brunnen-600x800.jpg\" alt=\"\" \/><img decoding=\"async\" src=\"http:\/\/freunde-von-nouna.de\/wp-content\/uploads\/2016\/03\/Puits.jpg\" alt=\"\" \/><img decoding=\"async\" src=\"http:\/\/freunde-von-nouna.de\/wp-content\/uploads\/2016\/03\/Puits2.jpg\" alt=\"\" \/><\/noscript><br \/>\nIm Fr\u00fchjahr 2004 konnte der Ende 2002 begonnene Bau des Brunnens in dem Dorf Ciss\u00e9 erfolgreich beendet werden.<br \/>\nDurch Durchf\u00fchrung des Brunnenbaus wurden lokale private Brunnenbauer beauftragt und in Handarbeit ein ca. 42m tiefer Brunnen gegraben und mit einer Betonumrandung und Metallabdeckung versehen. Auch das unmittelbare Areal um den Brunnen wurde aus hygienischen Gr\u00fcnden betoniert. Dank der geschickten Vermittlung unseres Partnervereines Teriya Gnuman konnten teilweise auftretende Schwierigkeiten w\u00e4hrend der Bauarbeiten gekl\u00e4rt, sowie Interessenskonflikte auch zwischen verschiedenen Gruppen in Ciss\u00e9 erfolgreich beigelegt werden, so dass der Brunnen fertiggestellt werden konnte. Zudem kl\u00e4rte Teriya Gnuman die Bewohner von Ciss\u00e9 \u00fcber die Notwendigkeit des Sauberhaltens des Brunnens und seiner Umgebung zur Erhaltung einer guten Wasserqualit\u00e4t auf.<\/p>\n<p>Eine feierliche Einweihung des Brunnens fand im Dezember 2004 statt zusammen mit Vertretern von Freunde von Nouna, Teriya Gnuman und den Dorf\u00e4ltesten und der Bev\u00f6lkerung von Ciss\u00e9. Der Brunnen wird seither zur Trinkwassergewinnung genutzt. Im Fr\u00fchjahr 2009 wurden einige Ausbesserungsarbeiten an Mauer, umgebenden Betonboden und Einfassung vorgenommen, um eine Verschmutzung des Brunnenwassers zu verhindern.<\/p>\n<hr \/>\n<p>&nbsp;<\/p>\n<p><strong>Schweinezucht-Projekt<\/strong><br \/>\n<div id=\"envira-gallery-wrap-187\" class=\"envira-gallery-wrap envira-gallery-theme-base envira-lightbox-theme-base\" itemscope itemtype=\"https:\/\/schema.org\/ImageGallery\"><div data-row-height=\"\" data-gallery-theme=\"\" id=\"envira-gallery-187\" class=\"envira-gallery-public  envira-gallery-2-columns envira-clear enviratope envira-gallery-css-animations\" data-envira-columns=\"2\"><div id=\"envira-gallery-item-191\" class=\"envira-gallery-item enviratope-item envira-gallery-item-1\" style=\"padding-left: 5px; padding-bottom: 10px; padding-right: 5px;\"  itemscope itemtype=\"https:\/\/schema.org\/ImageObject\"><div class=\"envira-gallery-item-inner\"><div class=\"envira-gallery-position-overlay  envira-gallery-top-left\"><\/div><div class=\"envira-gallery-position-overlay  envira-gallery-top-right\"><\/div><div class=\"envira-gallery-position-overlay  envira-gallery-bottom-left\"><\/div><div class=\"envira-gallery-position-overlay  envira-gallery-bottom-right\"><\/div><a href=\"http:\/\/freunde-von-nouna.de\/wp-content\/uploads\/2016\/03\/Schweinezucht.jpg\" class=\"envira-gallery-187 envira-gallery-link\" rel=\"enviragallery187\" title=\"Schweinezucht\" data-envira-caption=\"Schweinezucht\" data-envira-retina=\"\" data-thumbnail=\"\"  itemprop=\"contentUrl\"><div class=\"envira-lazy\" data-test-width=\"960\" data-test-height=\"300\" style=\"padding-bottom:31.25%;\"><img decoding=\"async\" id=\"envira-gallery-image-191\" class=\"envira-gallery-image envira-gallery-image-1\" data-envira-index=\"1\" src=\"http:\/\/freunde-von-nouna.de\/wp-content\/uploads\/2016\/03\/Schweinezucht-960x300.jpg\" data-envira-src=\"http:\/\/freunde-von-nouna.de\/wp-content\/uploads\/2016\/03\/Schweinezucht-960x300.jpg\" data-envira-gallery-id=\"187\" data-envira-item-id=\"191\" data-envira-caption=\"Schweinezucht\" alt=\"\" title=\"Schweinezucht\"  itemprop=\"thumbnailUrl\" data-envira-srcset=\"http:\/\/freunde-von-nouna.de\/wp-content\/uploads\/2016\/03\/Schweinezucht-960x300.jpg 400w,http:\/\/freunde-von-nouna.de\/wp-content\/uploads\/2016\/03\/Schweinezucht-960x300.jpg 2x\" srcset=\"data:image\/gif;base64,R0lGODlhAQABAIAAAP\/\/\/\/\/\/\/yH5BAEKAAEALAAAAAABAAEAAAICTAEAOw==\" \/><\/div><\/a><\/div><\/div><div id=\"envira-gallery-item-189\" class=\"envira-gallery-item enviratope-item envira-gallery-item-2\" style=\"padding-left: 5px; padding-bottom: 10px; padding-right: 5px;\"  itemscope itemtype=\"https:\/\/schema.org\/ImageObject\"><div class=\"envira-gallery-item-inner\"><div class=\"envira-gallery-position-overlay  envira-gallery-top-left\"><\/div><div class=\"envira-gallery-position-overlay  envira-gallery-top-right\"><\/div><div class=\"envira-gallery-position-overlay  envira-gallery-bottom-left\"><\/div><div class=\"envira-gallery-position-overlay  envira-gallery-bottom-right\"><\/div><a href=\"http:\/\/freunde-von-nouna.de\/wp-content\/uploads\/2016\/03\/Schweinezucht2-800x417.jpg\" class=\"envira-gallery-187 envira-gallery-link\" rel=\"enviragallery187\" title=\"Schweinezucht\" data-envira-caption=\"Schweinezucht\" data-envira-retina=\"\" data-thumbnail=\"\"  itemprop=\"contentUrl\"><div class=\"envira-lazy\" data-test-width=\"960\" data-test-height=\"300\" style=\"padding-bottom:31.25%;\"><img decoding=\"async\" id=\"envira-gallery-image-189\" class=\"envira-gallery-image envira-gallery-image-2\" data-envira-index=\"2\" src=\"http:\/\/freunde-von-nouna.de\/wp-content\/uploads\/2016\/03\/Schweinezucht2-800x417-960x300.jpg\" data-envira-src=\"http:\/\/freunde-von-nouna.de\/wp-content\/uploads\/2016\/03\/Schweinezucht2-800x417-960x300.jpg\" data-envira-gallery-id=\"187\" data-envira-item-id=\"189\" data-envira-caption=\"Schweinezucht\" alt=\"\" title=\"Schweinezucht\"  itemprop=\"thumbnailUrl\" data-envira-srcset=\"http:\/\/freunde-von-nouna.de\/wp-content\/uploads\/2016\/03\/Schweinezucht2-800x417-960x300.jpg 400w,http:\/\/freunde-von-nouna.de\/wp-content\/uploads\/2016\/03\/Schweinezucht2-800x417-960x300.jpg 2x\" srcset=\"data:image\/gif;base64,R0lGODlhAQABAIAAAP\/\/\/\/\/\/\/yH5BAEKAAEALAAAAAABAAEAAAICTAEAOw==\" \/><\/div><\/a><\/div><\/div><\/div><\/div><noscript><img decoding=\"async\" src=\"http:\/\/freunde-von-nouna.de\/wp-content\/uploads\/2016\/03\/Schweinezucht.jpg\" alt=\"\" \/><img decoding=\"async\" src=\"http:\/\/freunde-von-nouna.de\/wp-content\/uploads\/2016\/03\/Schweinezucht2-800x417.jpg\" alt=\"\" \/><\/noscript><\/p>\n<p>Ziel des Projektes ist zum einen, den Behinderten eine wirtschaftliche Aktivit\u00e4t zu erm\u00f6glichen, zum anderen die Versorgung mit Schweinefleisch in Nouna zu verbessern.<br \/>\nDie Organisation k\u00f6rperlich Behinderter \u00abAssociation pour le d\u00e9veloppement solidaire\u00bb um Jean Chrysostome Traor\u00e9 trat Ende 2004 mit der Idee an uns heran, eine Schweinezucht aufzubauen. Ziel des Projektes ist zum einen, den Behinderten eine wirtschaftliche Aktivit\u00e4t zu erm\u00f6glichen, zum anderen die Versorgung mit Schweinefleisch in Nouna zu verbessern.<\/p>\n<p>Wir entschieden uns f\u00fcr eine F\u00f6rderung in Form eines \u201eMikrokredites\u201c. Dies bedeutet, dass wir eine Anschubf\u00f6rderung bereitstellen, von der ein Teil an unseren Partner Teryia Gnuman zur\u00fcckgezahlt werden muss. Das Projekt ist mittlerweile schnell vorangeschritten. Ein Stall wurde gebaut und Ende 2005 fertiggestellt. Es wurde eine spezielle Kreuzung zweier Schweinerassen durchgef\u00fchrt, die erste Ferkelgeneration ist gewachsen und erste Schweine wurden bereits verkauft. Die F\u00fctterung erfolgt mit Abf\u00e4llen aus der lokalen Produktion von Dolo (\u201eHirsebier\u201c), die kosteng\u00fcnstig erworben werden k\u00f6nnen.<\/p>\n<p>Der Kredit kann aller Voraussicht nach zeitgerecht zur\u00fcckgezahlt werden und die Organisatoren des Projektes planen eine Expansion mit weiteren Stallgeb\u00e4uden.<\/p>","protected":false},"excerpt":{"rendered":"<p>Solarenergie f\u00fcr Gesundheitszentren Von Seiten des Gesundheitsdistriktes wurde der Wunsch an uns herangetragen, prim\u00e4re Gesundheitszentren in der l\u00e4ndlichen Region Nouna mit Solarstromversorgung und K\u00fchlschr\u00e4nken f\u00fcr Impfstoffe auszustatten. Dies w\u00fcrde eine durchgehende Beleuchtung und damit die M\u00f6glichkeit der medizinischen Versorgung bei Nacht sowie die sichere Lagerung von hitzeempfindlichen Impfstoffen erm\u00f6glichen. So k\u00f6nnte letztendlich die lokale Gesundheitsversorgung [&hellip;]<\/p>\n","protected":false},"author":1,"featured_media":0,"parent":63,"menu_order":2,"comment_status":"closed","ping_status":"closed","template":"","meta":{"footnotes":""},"class_list":["post-103","page","type-page","status-publish","czr-hentry"],"_links":{"self":[{"href":"http:\/\/freunde-von-nouna.de\/index.php?rest_route=\/wp\/v2\/pages\/103","targetHints":{"allow":["GET"]}}],"collection":[{"href":"http:\/\/freunde-von-nouna.de\/index.php?rest_route=\/wp\/v2\/pages"}],"about":[{"href":"http:\/\/freunde-von-nouna.de\/index.php?rest_route=\/wp\/v2\/types\/page"}],"author":[{"embeddable":true,"href":"http:\/\/freunde-von-nouna.de\/index.php?rest_route=\/wp\/v2\/users\/1"}],"replies":[{"embeddable":true,"href":"http:\/\/freunde-von-nouna.de\/index.php?rest_route=%2Fwp%2Fv2%2Fcomments&post=103"}],"version-history":[{"count":18,"href":"http:\/\/freunde-von-nouna.de\/index.php?rest_route=\/wp\/v2\/pages\/103\/revisions"}],"predecessor-version":[{"id":315,"href":"http:\/\/freunde-von-nouna.de\/index.php?rest_route=\/wp\/v2\/pages\/103\/revisions\/315"}],"up":[{"embeddable":true,"href":"http:\/\/freunde-von-nouna.de\/index.php?rest_route=\/wp\/v2\/pages\/63"}],"wp:attachment":[{"href":"http:\/\/freunde-von-nouna.de\/index.php?rest_route=%2Fwp%2Fv2%2Fmedia&parent=103"}],"curies":[{"name":"wp","href":"https:\/\/api.w.org\/{rel}","templated":true}]}}