{"id":10,"date":"2013-11-28T21:22:51","date_gmt":"2013-11-28T21:22:51","guid":{"rendered":"http:\/\/freunde-von-nouna.de\/?page_id=10"},"modified":"2018-06-03T09:51:46","modified_gmt":"2018-06-03T09:51:46","slug":"wer-wir-sind-2","status":"publish","type":"page","link":"http:\/\/freunde-von-nouna.de\/?page_id=10","title":{"rendered":"\u00dcber Uns"},"content":{"rendered":"<p><strong>Burkina Faso<\/strong> <strong>\u00a0 <\/strong><\/p>\n<div id=\"envira-gallery-wrap-265\" class=\"envira-gallery-wrap envira-gallery-theme-base envira-lightbox-theme-base\" itemscope itemtype=\"https:\/\/schema.org\/ImageGallery\"><div data-row-height=\"\" data-gallery-theme=\"\" id=\"envira-gallery-265\" class=\"envira-gallery-public  envira-gallery-1-columns envira-clear enviratope envira-gallery-css-animations\" data-envira-columns=\"1\"><div id=\"envira-gallery-item-304\" class=\"envira-gallery-item enviratope-item envira-gallery-item-1 envira-lazy-load\" style=\"padding-left: 5px; padding-bottom: 10px; padding-right: 5px;\"  itemscope itemtype=\"https:\/\/schema.org\/ImageObject\"><div class=\"envira-gallery-item-inner\"><div class=\"envira-gallery-position-overlay  envira-gallery-top-left\"><\/div><div class=\"envira-gallery-position-overlay  envira-gallery-top-right\"><\/div><div class=\"envira-gallery-position-overlay  envira-gallery-bottom-left\"><\/div><div class=\"envira-gallery-position-overlay  envira-gallery-bottom-right\"><\/div><a href=\"http:\/\/freunde-von-nouna.de\/wp-content\/uploads\/2017\/12\/Carte-Burkina.png\" class=\"envira-gallery-265 envira-gallery-link\" rel=\"enviragallery265\" title=\"Carte Burkina\" data-envira-caption=\"Carte Burkina\" data-envira-retina=\"\" data-thumbnail=\"\"  itemprop=\"contentUrl\"><div class=\"envira-lazy\" data-test-width=\"640\" data-test-height=\"480\" style=\"padding-bottom:75%;\"><img decoding=\"async\" id=\"envira-gallery-image-304\" class=\"envira-gallery-image envira-gallery-image-1\" data-envira-index=\"1\" src=\"http:\/\/freunde-von-nouna.de\/wp-content\/uploads\/2017\/12\/Carte-Burkina-640x480.png\" data-envira-src=\"http:\/\/freunde-von-nouna.de\/wp-content\/uploads\/2017\/12\/Carte-Burkina-640x480.png\" data-envira-gallery-id=\"265\" data-envira-item-id=\"304\" data-envira-caption=\"Carte Burkina\" alt=\"\" title=\"Carte Burkina\"  itemprop=\"thumbnailUrl\" data-envira-srcset=\"http:\/\/freunde-von-nouna.de\/wp-content\/uploads\/2017\/12\/Carte-Burkina-640x480.png 400w,http:\/\/freunde-von-nouna.de\/wp-content\/uploads\/2017\/12\/Carte-Burkina-640x480.png 2x\" srcset=\"data:image\/gif;base64,R0lGODlhAQABAIAAAP\/\/\/\/\/\/\/yH5BAEKAAEALAAAAAABAAEAAAICTAEAOw==\" \/><\/div><\/a><\/div><\/div><\/div><\/div><noscript><img decoding=\"async\" src=\"http:\/\/freunde-von-nouna.de\/wp-content\/uploads\/2017\/12\/Carte-Burkina.png\" alt=\"\" \/><\/noscript>\n<p><strong>Visionen<\/strong><\/p>\n<p>Viele unserer Mitglieder arbeiten am <a href=\"http:\/\/www.klinikum.uni-heidelberg.de\/Institute-of-Public-Health.5358.0.html\" target=\"_blank\" rel=\"noopener\">Heidelberger Institut f\u00fcr Public Health<\/a> und sind regelm\u00e4\u00dfig beruflich in Burkina Faso. Sie haben die Region und ihre Menschen kennengelernt. Deshalb haben wir den gemeinn\u00fctzigen Verein Freunde von Nouna gegr\u00fcndet. Wir wollen nachhaltige Hilfe zur Selbsthilfe geben und engagieren uns f\u00fcr die F\u00f6rderung von Programmen in den Bereichen:<\/p>\n<ul>\n<li>Verbesserung der medizinischen Versorgung<\/li>\n<li>Ern\u00e4hrung und Landwirtschaft<\/li>\n<li>\u00d6ffentliche Schulen, Berufsausbildung und Erwachsenenausbildung<\/li>\n<li>Verbesserung der Infrastruktur<\/li>\n<\/ul>\n<p><strong>Wer sind wir?<\/strong><\/p>\n<p>Der Verein &#8222;Freunde von Nouna&#8220; wurde von aktuellen und ehemaligen Mitarbeitern des Instituts f\u00fcr Tropenhygiene der <a href=\"http:\/\/www.uni-heidelberg.de\/\" target=\"_blank\" rel=\"noopener\">Universit\u00e4t Heidelberg<\/a> und des <a href=\"http:\/\/www.crsn-nouna.bf\/\" target=\"_blank\" rel=\"noopener\"><i>Centre de Recherche en Sant\u00e9 de Nouna<\/i> (CRSN)<\/a> in Burkina Faso gegr\u00fcndet. Durch l\u00e4ngere Arbeitsaufenthalte und h\u00e4ufige Kontakte mit den Kollegen in Nouna sind mit der Zeit viele Verbindungen entstanden, die weit \u00fcber die Forschungsarbeit hinaus gehen. Unsere Mitwirkung im Verein ist Ausdruck unserer Verbundenheit mit unseren Gastgebern.<\/p>\n<p><strong>Wie arbeiten wir?<\/strong><\/p>\n<p>Der Zweck des Vereines wird im Rahmen einer Hilfe zur Selbsthilfe, insbesondere durch die Durchf\u00fchrung oder Mitwirkung an Hilfs-, Entwicklungs- und medizinischen Programmen in der Provinz Kossi im Nordwesten von Burkina Faso verwirklicht. Unter anderem durch:<\/p>\n<ul>\n<li>F\u00f6rderung landwirtschaftlicher und ern\u00e4hrungsbetreffender Programme;<\/li>\n<li>F\u00f6rderung medizinischer Hilfsprogramme zur Verbesserung der medizinischen Versorgung in der Provinz Kossi unter Einbeziehung von Ausbildungs- und Behandlungs-m\u00f6glichkeiten;<\/li>\n<li>F\u00f6rderung von Ma\u00dfnahmen im Zusammenhang mit \u00f6ffentlichen Schulen, Berufsausbildung und Erwachsenausbildung;<\/li>\n<li>F\u00f6rderung kommunaler Sanierungsma\u00dfnahmen und Ma\u00dfnahmen zur Verbesserung der Infrastruktur im \u00f6rtlichen Rahmen.<\/li>\n<li>Zur F\u00f6rderung der Kultur- und V\u00f6lkerverst\u00e4ndigungsgedanken werden Gemeinschaftsprojekte und Veranstaltungen durchgef\u00fchrt. Zum Beispiel:<\/li>\n<li>Kulturelle Tanzveranstaltungen und Kulturausstellungen;<\/li>\n<li>F\u00f6rderung von Freundschaft und Verst\u00e4ndigung unter den Mitgliedern;<\/li>\n<li>Seminare, Vortragsreihen, und Film- und Diavortr\u00e4ge.<\/li>\n<\/ul>\n<p>Der Verein verfolgt im Rahmen seiner T\u00e4tigkeit ausschlie\u00dflich und unmittelbar gemeinn\u00fctzige Zwecke. Er ist selbstlos t\u00e4tig und verfolgt keine eigenwirtschaftlichen Zwecke. Die zur Erf\u00fcllung der Zwecke notwendigen Mittel werden erwirtschaftet aus:<\/p>\n<ul>\n<li>Mitgliedsbeitr\u00e4ge und Ertr\u00e4gen aus Vereinsverm\u00f6gen;<\/li>\n<li>Spenden, sonstige Zuwendungen und Einnahmen;<\/li>\n<li>Projektmitteln der \u00f6ffentlichen Hand;<\/li>\n<li>Zweckgebundene Mittel;<\/li>\n<li>\u00d6ffentliche geb\u00fchrenpflichtige Ausstellungen, Tanzveranstaltungen, u.s.w.<\/li>\n<\/ul>\n<p><\/p>","protected":false},"excerpt":{"rendered":"<p>Burkina Faso \u00a0 Visionen Viele unserer Mitglieder arbeiten am Heidelberger Institut f\u00fcr Public Health und sind regelm\u00e4\u00dfig beruflich in Burkina Faso. Sie haben die Region und ihre Menschen kennengelernt. Deshalb haben wir den gemeinn\u00fctzigen Verein Freunde von Nouna gegr\u00fcndet. Wir wollen nachhaltige Hilfe zur Selbsthilfe geben und engagieren uns f\u00fcr die F\u00f6rderung von Programmen in [&hellip;]<\/p>\n","protected":false},"author":1,"featured_media":0,"parent":0,"menu_order":0,"comment_status":"closed","ping_status":"closed","template":"","meta":{"footnotes":""},"class_list":["post-10","page","type-page","status-publish","czr-hentry"],"_links":{"self":[{"href":"http:\/\/freunde-von-nouna.de\/index.php?rest_route=\/wp\/v2\/pages\/10","targetHints":{"allow":["GET"]}}],"collection":[{"href":"http:\/\/freunde-von-nouna.de\/index.php?rest_route=\/wp\/v2\/pages"}],"about":[{"href":"http:\/\/freunde-von-nouna.de\/index.php?rest_route=\/wp\/v2\/types\/page"}],"author":[{"embeddable":true,"href":"http:\/\/freunde-von-nouna.de\/index.php?rest_route=\/wp\/v2\/users\/1"}],"replies":[{"embeddable":true,"href":"http:\/\/freunde-von-nouna.de\/index.php?rest_route=%2Fwp%2Fv2%2Fcomments&post=10"}],"version-history":[{"count":25,"href":"http:\/\/freunde-von-nouna.de\/index.php?rest_route=\/wp\/v2\/pages\/10\/revisions"}],"predecessor-version":[{"id":303,"href":"http:\/\/freunde-von-nouna.de\/index.php?rest_route=\/wp\/v2\/pages\/10\/revisions\/303"}],"wp:attachment":[{"href":"http:\/\/freunde-von-nouna.de\/index.php?rest_route=%2Fwp%2Fv2%2Fmedia&parent=10"}],"curies":[{"name":"wp","href":"https:\/\/api.w.org\/{rel}","templated":true}]}}